{"id":2129,"date":"2014-03-31T06:26:25","date_gmt":"2014-03-31T06:26:25","guid":{"rendered":"http:\/\/themenectar.com\/demo\/salient-frostwave\/?page_id=2129"},"modified":"2014-03-31T06:26:25","modified_gmt":"2014-03-31T06:26:25","slug":"home-basic","status":"publish","type":"page","link":"http:\/\/www.prwestglobal.com\/index.php\/home-basic\/","title":{"rendered":"Home &#8211; Basic"},"content":{"rendered":"[vc_row][vc_column width=&#8221;1\/1&#8243;]<style type=\"text\/css\">#nectar-slider-instance-1, #nectar-slider-instance-1 .swiper-container { min-height: 250px; } #nectar-slider-instance-1, #nectar-slider-instance-1 .swiper-container { height: calc( 650 * 100vw \/ 1600 ); } <\/style><div data-midnight=\"nectar-slider\" class=\"parallax_slider_outer \"><div  data-transition=\"slide\" data-overall_style=\"classic\" data-flexible-height=\"true\" data-animate-in-effect=\"none\" data-fullscreen=\"false\" data-button-sizing=\"regular\" data-button-styling=\"btn_with_count\" data-autorotate=\"\" data-parallax=\"true\" data-parallax-disable-mobile=\"\" data-caption-trans=\"fade_in_from_bottom\" data-parallax-style=\"bg_only\" data-bg-animation=\"none\" data-full-width=\"true\" class=\"nectar-slider-wrap \" id=\"nectar-slider-instance-1\"><div class=\"swiper-container\"  data-tho=\"auto\" data-tco=\"auto\" data-pho=\"auto\" data-pco=\"auto\" data-loop=\"true\" data-height=\"650\" data-min-height=\"250\" data-arrows=\"true\" data-bullets=\"false\" data-bullet_style=\"see_through\" data-bullet_position=\"bottom\" data-desktop-swipe=\"true\" data-settings=\"\"> <div class=\"swiper-wrapper\"><div class=\"swiper-slide\" data-desktop-content-width=\"auto\" data-tablet-content-width=\"auto\" data-bg-alignment=\"center\" data-color-scheme=\"light\" data-x-pos=\"centered\" data-y-pos=\"middle\" ><div class=\"slide-bg-wrap\"><div class=\"image-bg\" style=\"background-image: url(http:\/\/themenectar.com\/demo\/salient-frostwave\/wp-content\/uploads\/2013\/03\/mountains-preview2.jpg);\"> &nbsp; <\/div><\/div><div class=\"container\">\n\t\t\t\t\t\t<div class=\"content\"><h2 class=\"ns-heading-el\">PRWEST<\/h2><p  ><span>K\u0131saca Biz ...<\/span><\/p><\/div>\n\t\t\t\t\t\t\t\t<\/div><!--\/container--><a href=\"#\" class=\"slider-down-arrow no-border\"><svg class=\"nectar-scroll-icon\" viewBox=\"0 0 30 45\" enable-background=\"new 0 0 30 45\">\n\t\t\t\t\t\t\t\t\t<path class=\"nectar-scroll-icon-path\" fill=\"none\" stroke=\"#ffffff\" stroke-width=\"2\" stroke-miterlimit=\"10\" d=\"M15,1.118c12.352,0,13.967,12.88,13.967,12.88v18.76  c0,0-1.514,11.204-13.967,11.204S0.931,32.966,0.931,32.966V14.05C0.931,14.05,2.648,1.118,15,1.118z\"><\/path>\n\t\t\t\t\t\t\t\t\t<\/svg><\/a><div class=\"video-texture \"> <span class=\"ie-fix\"><\/span> <\/div><\/div> <!--\/swiper-slide--><div class=\"swiper-slide\" data-desktop-content-width=\"\" data-tablet-content-width=\"\" data-bg-alignment=\"center\" data-color-scheme=\"dark\" data-x-pos=\"centered\" data-y-pos=\"middle\" ><div class=\"slide-bg-wrap\"><div class=\"image-bg\" style=\"background-image: url(http:\/\/themenectar.com\/demo\/salient-ascend\/wp-content\/uploads\/2014\/07\/white.jpg);\"> &nbsp; <\/div><\/div><div class=\"container\">\n\t\t\t\t\t\t<div class=\"content\"><h2 class=\"ns-heading-el\">Experience<\/h2><p  ><span>What real creative freedom feels like in a theme\n <\/span><\/p><div class=\"buttons\"><div class=\"button solid_color\">\n\t\t\t\t\t\t\t\t\t\t <a class=\"primary-color\" href=\"#\">Learn More Now<\/a>\n\t\t\t\t\t\t\t\t\t\t<\/div><div class=\"button transparent_2\">\n\t\t\t\t\t\t\t\t\t\t<a class=\"extra-color-3\" href=\"#\">View Work Instead<\/a>\n\t\t\t\t\t\t\t\t\t\t<\/div><\/div><\/div>\n\t\t\t\t\t\t\t\t<\/div><!--\/container--><a href=\"#\" class=\"slider-down-arrow no-border\"><svg class=\"nectar-scroll-icon\" viewBox=\"0 0 30 45\" enable-background=\"new 0 0 30 45\">\n\t\t\t\t\t\t\t\t\t<path class=\"nectar-scroll-icon-path\" fill=\"none\" stroke=\"#ffffff\" stroke-width=\"2\" stroke-miterlimit=\"10\" d=\"M15,1.118c12.352,0,13.967,12.88,13.967,12.88v18.76  c0,0-1.514,11.204-13.967,11.204S0.931,32.966,0.931,32.966V14.05C0.931,14.05,2.648,1.118,15,1.118z\"><\/path>\n\t\t\t\t\t\t\t\t\t<\/svg><\/a><div class=\"video-texture \"> <span class=\"ie-fix\"><\/span> <\/div><\/div> <!--\/swiper-slide--><div class=\"swiper-slide\" data-desktop-content-width=\"\" data-tablet-content-width=\"\" data-bg-alignment=\"center\" data-color-scheme=\"light\" data-x-pos=\"centered\" data-y-pos=\"middle\" ><div class=\"slide-bg-wrap\"><div class=\"image-bg\" style=\"background-image: url(http:\/\/themenectar.com\/demo\/salient\/wp-content\/uploads\/2013\/09\/black-bg1.png);\"> &nbsp; <\/div><\/div><div class=\"container\">\n\t\t\t\t\t\t<div class=\"content\"><h2 class=\"ns-heading-el\">Pixel Perfection<\/h2><p  ><span>Salient was built with a high attention to details both in design &amp; code<\/span><\/p><\/div>\n\t\t\t\t\t\t\t\t<\/div><!--\/container--><a href=\"#\" class=\"slider-down-arrow no-border\"><svg class=\"nectar-scroll-icon\" viewBox=\"0 0 30 45\" enable-background=\"new 0 0 30 45\">\n\t\t\t\t\t\t\t\t\t<path class=\"nectar-scroll-icon-path\" fill=\"none\" stroke=\"#ffffff\" stroke-width=\"2\" stroke-miterlimit=\"10\" d=\"M15,1.118c12.352,0,13.967,12.88,13.967,12.88v18.76  c0,0-1.514,11.204-13.967,11.204S0.931,32.966,0.931,32.966V14.05C0.931,14.05,2.648,1.118,15,1.118z\"><\/path>\n\t\t\t\t\t\t\t\t\t<\/svg><\/a><div class=\"video-texture \"> <span class=\"ie-fix\"><\/span> <\/div><\/div> <!--\/swiper-slide--><\/div><a href=\"#\" aria-label=\"Previous\" class=\"slider-prev\"><i class=\"icon-salient-left-arrow\"><\/i> <div class=\"slide-count\"> <span class=\"slide-current\">1<\/span> <i class=\"icon-salient-right-line\"><\/i> <span class=\"slide-total\"><\/span> <\/div> <\/a>\n\t\t\t\t\t\t<a href=\"#\" aria-label=\"Next\" class=\"slider-next\"><i class=\"icon-salient-right-arrow\"><\/i> <div class=\"slide-count\"> <span class=\"slide-current\">1<\/span> <i class=\"icon-salient-right-line\"><\/i> <span class=\"slide-total\"><\/span> <\/div> <\/a><div class=\"nectar-slider-loading \"> <span class=\"loading-icon none\">   <\/span> <\/div> <\/div> \n\t\t\t\t\t\n\t\t\t\t\t<\/div><\/div>[\/vc_column][\/vc_row][vc_row type=&#8221;full_width_background&#8221; bg_position=&#8221;left top&#8221; bg_repeat=&#8221;no-repeat&#8221; text_color=&#8221;dark&#8221; text_align=&#8221;left&#8221; top_padding=&#8221;90&#8243; bottom_padding=&#8221;90&#8243; parallax_bg=&#8221;true&#8221; bg_color=&#8221;#ffffff&#8221;][vc_column centered_text=&#8221;true&#8221; width=&#8221;1\/4&#8243; animation=&#8221;fade-in&#8221; enable_animation=&#8221;true&#8221; column_padding=&#8221;no-extra-padding&#8221; background_color_opacity=&#8221;1&#8243;][vc_row_inner][vc_column_inner width=&#8221;1\/1&#8243; enable_animation=&#8221;true&#8221; animation=&#8221;fade-in&#8221; delay=&#8221;400&#8243; column_padding=&#8221;no-extra-padding&#8221;][vc_column_text]<i class=\"icon-3x icon-tablet extra-color-1\"><i class=\"circle-border\"><\/i><\/i>[\/vc_column_text][\/vc_column_inner][\/vc_row_inner][vc_column_text]\n<h4>100% Responsive Design<\/h4>\n<p>Accusantium quam, ultri eget tempor id, aliquam eget nibh et. Maecen aliquam, risus at semper ullamcorper[\/vc_column_text][\/vc_column][vc_column width=&#8221;1\/4&#8243; animation=&#8221;fade-in&#8221; centered_text=&#8221;true&#8221; enable_animation=&#8221;true&#8221; column_padding=&#8221;no-extra-padding&#8221; background_color_opacity=&#8221;1&#8243; delay=&#8221;200&#8243;][vc_row_inner][vc_column_inner width=&#8221;1\/1&#8243; enable_animation=&#8221;true&#8221; animation=&#8221;fade-in&#8221; delay=&#8221;600&#8243; column_padding=&#8221;no-extra-padding&#8221;][vc_column_text]<i class=\"icon-3x steadysets-icon-diamond extra-color-1\"><i class=\"circle-border\"><\/i><\/i>[\/vc_column_text][\/vc_column_inner][\/vc_row_inner][vc_column_text]\n<h4>Award Winning Quality<\/h4>\n<p>Accusantium quam, ultri eget tempor id, aliquam eget nibh et. Maecen aliquam, risus at semper ullamcorper[\/vc_column_text][\/vc_column][vc_column width=&#8221;1\/4&#8243; animation=&#8221;fade-in&#8221; centered_text=&#8221;true&#8221; enable_animation=&#8221;true&#8221; column_padding=&#8221;no-extra-padding&#8221; background_color_opacity=&#8221;1&#8243; delay=&#8221;400&#8243;][vc_row_inner][vc_column_inner width=&#8221;1\/1&#8243; enable_animation=&#8221;true&#8221; animation=&#8221;fade-in&#8221; delay=&#8221;800&#8243; column_padding=&#8221;no-extra-padding&#8221;][vc_column_text]<i class=\"icon-3x steadysets-icon-file extra-color-1\"><i class=\"circle-border\"><\/i><\/i>[\/vc_column_text][\/vc_column_inner][\/vc_row_inner][vc_column_text]\n<h4>Extensive Documentation<\/h4>\n<p>Accusantium quam, ultri eget tempor id, aliquam eget nibh et. Maecen aliquam, risus at semper ullamcorper[\/vc_column_text][\/vc_column][vc_column width=&#8221;1\/4&#8243; animation=&#8221;fade-in&#8221; centered_text=&#8221;true&#8221; enable_animation=&#8221;true&#8221; column_padding=&#8221;no-extra-padding&#8221; background_color_opacity=&#8221;1&#8243; delay=&#8221;600&#8243;][vc_row_inner][vc_column_inner width=&#8221;1\/1&#8243; enable_animation=&#8221;true&#8221; animation=&#8221;fade-in&#8221; delay=&#8221;1000&#8243; column_padding=&#8221;no-extra-padding&#8221;][vc_column_text]<i class=\"icon-3x icon-gift extra-color-1\"><i class=\"circle-border\"><\/i><\/i>[\/vc_column_text][\/vc_column_inner][\/vc_row_inner][vc_column_text]\n<h4>Loaded With Goodies<\/h4>\n<p>Accusantium quam, ultri eget tempor id, aliquam eget nibh et. Maecen aliquam, risus at semper ullamcorper[\/vc_column_text][\/vc_column][\/vc_row][vc_row type=&#8221;full_width_background&#8221; bg_position=&#8221;left top&#8221; bg_repeat=&#8221;no-repeat&#8221; text_color=&#8221;dark&#8221; text_align=&#8221;left&#8221; top_padding=&#8221;0&#8243; bottom_padding=&#8221;0&#8243;][vc_column width=&#8221;1\/1&#8243;]<div class=\"carousel-wrap recent-work-carousel \" data-ctc=\"dark\" data-full-width=\"true\">\n\t\t\t\t\t\n\t\t\t\t\t<div class=\"carousel-heading\"><div class=\"container\"><h2>Recent Work We've Completed For Our Amazing Clients.<\/h2><div class=\"controls\"><a class=\"portfolio-page-link\" href=\"\"><i class=\"icon-salient-back-to-all\"><\/i><\/a>\n\t\t\t\t\t\t<a class=\"carousel-prev\" href=\"#\"><i class=\"icon-salient-left-arrow-thin\"><\/i><\/a>\n\t\t\t\t\t\t<a class=\"carousel-next\" href=\"#\"><i class=\"icon-salient-right-arrow-thin\"><\/i><\/a><\/div><\/div><\/div>\n\t\t\t\t\t\n\t\t\t\t\t<ul class=\"row portfolio-items text-align-center carousel\" data-scroll-speed=\"800\" data-easing=\"easeInOutQuart\"><li class=\"col span_4 no-margin\" data-default-color=\"true\" data-title-color=\"\" data-subtitle-color=\"\">\n\t\t\t\t\t\t\t\n\t\t\t\t\t\t\t<div class=\"work-item style-4\" data-custom-content=\"off\"><img decoding=\"async\" class=\"custom-thumbnail skip-lazy\" src=\"http:\/\/www.prwestglobal.com\/wp-content\/uploads\/2024\/06\/esitas_turkey_new_factory.png\"  alt=\"Nev Sa\u011fl\u0131k Grubu\"  \/>\n\t\t\t\t\t\t\t\n\t\t\t\t\t\t\t<div class=\"work-info\">\n\t\t\t\t\t\t\t\n\t\t\t\t\t\t\t<a href=\"http:\/\/www.prwestglobal.com\/index.php\/portfolio\/arteche\/\"><\/a><div class=\"bottom-meta\"><h3>Arteche<\/h3><p>Haziran 14, 2024<\/p><\/div><!--\/bottom-meta--><\/div>\n\t\t\t\t\t\t\t<\/div><!--work-item-->\n\t\t\t\t\t\t\t\n\t\t\t\t\t\t\t<\/li><!--\/span_4--><li class=\"col span_4 no-margin\" data-default-color=\"true\" data-title-color=\"\" data-subtitle-color=\"\">\n\t\t\t\t\t\t\t\n\t\t\t\t\t\t\t<div class=\"work-item style-4\" data-custom-content=\"off\"><img loading=\"lazy\" decoding=\"async\" width=\"213\" height=\"160\" src=\"http:\/\/www.prwestglobal.com\/wp-content\/uploads\/2023\/05\/indir.jpg\" class=\"attachment-portfolio-thumb size-portfolio-thumb wp-post-image\"  alt=\"Nev Sa\u011fl\u0131k Grubu\"  title=\"\" \/>\n\t\t\t\t\t\t\t\n\t\t\t\t\t\t\t<div class=\"work-info\">\n\t\t\t\t\t\t\t\n\t\t\t\t\t\t\t<a href=\"http:\/\/www.prwestglobal.com\/index.php\/portfolio\/diniz-adient\/\"><\/a><div class=\"bottom-meta\"><h3>D\u0130N\u0130Z AD\u0130ENT<\/h3><p>May\u0131s 12, 2023<\/p><\/div><!--\/bottom-meta--><\/div>\n\t\t\t\t\t\t\t<\/div><!--work-item-->\n\t\t\t\t\t\t\t\n\t\t\t\t\t\t\t<\/li><!--\/span_4--><li class=\"col span_4 no-margin\" data-default-color=\"true\" data-title-color=\"\" data-subtitle-color=\"\">\n\t\t\t\t\t\t\t\n\t\t\t\t\t\t\t<div class=\"work-item style-4\" data-custom-content=\"off\"><img loading=\"lazy\" decoding=\"async\" width=\"600\" height=\"403\" src=\"http:\/\/www.prwestglobal.com\/wp-content\/uploads\/2023\/05\/e71a2ac0-b7cc-43f3-85ca-c310516c2d4b-600x403.jpg\" class=\"attachment-portfolio-thumb size-portfolio-thumb wp-post-image\"  alt=\"Nev Sa\u011fl\u0131k Grubu\"  title=\"\" srcset=\"http:\/\/www.prwestglobal.com\/wp-content\/uploads\/2023\/05\/e71a2ac0-b7cc-43f3-85ca-c310516c2d4b-600x403.jpg 600w, http:\/\/www.prwestglobal.com\/wp-content\/uploads\/2023\/05\/e71a2ac0-b7cc-43f3-85ca-c310516c2d4b-900x604.jpg 900w, http:\/\/www.prwestglobal.com\/wp-content\/uploads\/2023\/05\/e71a2ac0-b7cc-43f3-85ca-c310516c2d4b-400x269.jpg 400w\" sizes=\"auto, (max-width: 600px) 100vw, 600px\" \/>\n\t\t\t\t\t\t\t\n\t\t\t\t\t\t\t<div class=\"work-info\">\n\t\t\t\t\t\t\t\n\t\t\t\t\t\t\t<a href=\"http:\/\/www.prwestglobal.com\/index.php\/portfolio\/net-isi\/\"><\/a><div class=\"bottom-meta\"><h3>NET ISI<\/h3><p>May\u0131s 12, 2023<\/p><\/div><!--\/bottom-meta--><\/div>\n\t\t\t\t\t\t\t<\/div><!--work-item-->\n\t\t\t\t\t\t\t\n\t\t\t\t\t\t\t<\/li><!--\/span_4--><li class=\"col span_4 no-margin\" data-default-color=\"true\" data-title-color=\"\" data-subtitle-color=\"\">\n\t\t\t\t\t\t\t\n\t\t\t\t\t\t\t<div class=\"work-item style-4\" data-custom-content=\"off\"><img loading=\"lazy\" decoding=\"async\" width=\"382\" height=\"403\" src=\"http:\/\/www.prwestglobal.com\/wp-content\/uploads\/2023\/05\/2022-09-23-382x403.jpg\" class=\"attachment-portfolio-thumb size-portfolio-thumb wp-post-image\"  alt=\"Nev Sa\u011fl\u0131k Grubu\"  title=\"\" \/>\n\t\t\t\t\t\t\t\n\t\t\t\t\t\t\t<div class=\"work-info\">\n\t\t\t\t\t\t\t\n\t\t\t\t\t\t\t<a href=\"http:\/\/www.prwestglobal.com\/index.php\/portfolio\/adin-oto-donanim\/\"><\/a><div class=\"bottom-meta\"><h3>Adin Oto Donan\u0131m<\/h3><p>May\u0131s 11, 2023<\/p><\/div><!--\/bottom-meta--><\/div>\n\t\t\t\t\t\t\t<\/div><!--work-item-->\n\t\t\t\t\t\t\t\n\t\t\t\t\t\t\t<\/li><!--\/span_4--><li class=\"col span_4 no-margin\" data-default-color=\"true\" data-title-color=\"\" data-subtitle-color=\"\">\n\t\t\t\t\t\t\t\n\t\t\t\t\t\t\t<div class=\"work-item style-4\" data-custom-content=\"off\"><img decoding=\"async\" class=\"custom-thumbnail skip-lazy\" src=\"http:\/\/prwestglobal.com\/wp-content\/uploads\/2023\/04\/discephe.jpg\"  alt=\"Nev Sa\u011fl\u0131k Grubu\"  \/>\n\t\t\t\t\t\t\t\n\t\t\t\t\t\t\t<div class=\"work-info\">\n\t\t\t\t\t\t\t\n\t\t\t\t\t\t\t<a href=\"http:\/\/www.prwestglobal.com\/index.php\/portfolio\/opsan-sirketler-grubu\/\"><\/a><div class=\"bottom-meta\"><h3>Opsan \u015eirketler Grubu<\/h3><p>Nisan 28, 2023<\/p><\/div><!--\/bottom-meta--><\/div>\n\t\t\t\t\t\t\t<\/div><!--work-item-->\n\t\t\t\t\t\t\t\n\t\t\t\t\t\t\t<\/li><!--\/span_4--><li class=\"col span_4 no-margin\" data-default-color=\"true\" data-title-color=\"\" data-subtitle-color=\"\">\n\t\t\t\t\t\t\t\n\t\t\t\t\t\t\t<div class=\"work-item style-4\" data-custom-content=\"off\"><img decoding=\"async\" class=\"custom-thumbnail skip-lazy\" src=\"http:\/\/prwestglobal.com\/wp-content\/uploads\/2022\/11\/DJI_0006-1-2048x1150-1.jpg\"  alt=\"Nev Sa\u011fl\u0131k Grubu\"  \/>\n\t\t\t\t\t\t\t\n\t\t\t\t\t\t\t<div class=\"work-info\">\n\t\t\t\t\t\t\t\n\t\t\t\t\t\t\t<a href=\"http:\/\/www.prwestglobal.com\/index.php\/portfolio\/matli-holding\/\"><\/a><div class=\"bottom-meta\"><h3>Matl\u0131 Holding<\/h3><p>Kas\u0131m 20, 2022<\/p><\/div><!--\/bottom-meta--><\/div>\n\t\t\t\t\t\t\t<\/div><!--work-item-->\n\t\t\t\t\t\t\t\n\t\t\t\t\t\t\t<\/li><!--\/span_4--><li class=\"col span_4 no-margin\" data-default-color=\"true\" data-title-color=\"\" data-subtitle-color=\"\">\n\t\t\t\t\t\t\t\n\t\t\t\t\t\t\t<div class=\"work-item style-4\" data-custom-content=\"off\"><img loading=\"lazy\" decoding=\"async\" width=\"600\" height=\"403\" src=\"http:\/\/www.prwestglobal.com\/wp-content\/uploads\/2022\/04\/51-1-600x403.webp\" class=\"attachment-portfolio-thumb size-portfolio-thumb wp-post-image\"  alt=\"Nev Sa\u011fl\u0131k Grubu\"  title=\"\" srcset=\"http:\/\/www.prwestglobal.com\/wp-content\/uploads\/2022\/04\/51-1-600x403.webp 600w, http:\/\/www.prwestglobal.com\/wp-content\/uploads\/2022\/04\/51-1-900x604.webp 900w, http:\/\/www.prwestglobal.com\/wp-content\/uploads\/2022\/04\/51-1-400x269.webp 400w\" sizes=\"auto, (max-width: 600px) 100vw, 600px\" \/>\n\t\t\t\t\t\t\t\n\t\t\t\t\t\t\t<div class=\"work-info\">\n\t\t\t\t\t\t\t\n\t\t\t\t\t\t\t<a href=\"http:\/\/www.prwestglobal.com\/index.php\/portfolio\/makine-imalatcilari-birligi\/\"><\/a><div class=\"bottom-meta\"><h3>Makine \u0130malat\u00e7\u0131lar\u0131 Birli\u011fi<\/h3><p>Nisan 25, 2022<\/p><\/div><!--\/bottom-meta--><\/div>\n\t\t\t\t\t\t\t<\/div><!--work-item-->\n\t\t\t\t\t\t\t\n\t\t\t\t\t\t\t<\/li><!--\/span_4--><li class=\"col span_4 no-margin\" data-default-color=\"true\" data-title-color=\"\" data-subtitle-color=\"\">\n\t\t\t\t\t\t\t\n\t\t\t\t\t\t\t<div class=\"work-item style-4\" data-custom-content=\"off\"><img loading=\"lazy\" decoding=\"async\" width=\"600\" height=\"403\" src=\"http:\/\/www.prwestglobal.com\/wp-content\/uploads\/2022\/04\/WhatsApp-Image-2022-04-26-at-14.17.26-1-600x403.jpeg\" class=\"attachment-portfolio-thumb size-portfolio-thumb wp-post-image\"  alt=\"Nev Sa\u011fl\u0131k Grubu\"  title=\"\" srcset=\"http:\/\/www.prwestglobal.com\/wp-content\/uploads\/2022\/04\/WhatsApp-Image-2022-04-26-at-14.17.26-1-600x403.jpeg 600w, http:\/\/www.prwestglobal.com\/wp-content\/uploads\/2022\/04\/WhatsApp-Image-2022-04-26-at-14.17.26-1-900x604.jpeg 900w, http:\/\/www.prwestglobal.com\/wp-content\/uploads\/2022\/04\/WhatsApp-Image-2022-04-26-at-14.17.26-1-400x269.jpeg 400w\" sizes=\"auto, (max-width: 600px) 100vw, 600px\" \/>\n\t\t\t\t\t\t\t\n\t\t\t\t\t\t\t<div class=\"work-info\">\n\t\t\t\t\t\t\t\n\t\t\t\t\t\t\t<a href=\"http:\/\/www.prwestglobal.com\/index.php\/portfolio\/nev-saglik-grubu\/\"><\/a><div class=\"bottom-meta\"><h3>Nev Sa\u011fl\u0131k Grubu<\/h3><p>Nisan 25, 2022<\/p><\/div><!--\/bottom-meta--><\/div>\n\t\t\t\t\t\t\t<\/div><!--work-item-->\n\t\t\t\t\t\t\t\n\t\t\t\t\t\t\t<\/li><!--\/span_4--><\/ul><!--\/carousel--><\/div><!--\/carousel-wrap-->[\/vc_column][\/vc_row]\n","protected":false},"excerpt":{"rendered":"<p>[vc_row][vc_column width=&#8221;1\/1&#8243;][\/vc_column][\/vc_row][vc_row type=&#8221;full_width_background&#8221; bg_position=&#8221;left top&#8221; bg_repeat=&#8221;no-repeat&#8221; text_color=&#8221;dark&#8221; text_align=&#8221;left&#8221; top_padding=&#8221;90&#8243; bottom_padding=&#8221;90&#8243; parallax_bg=&#8221;true&#8221; bg_color=&#8221;#ffffff&#8221;][vc_column centered_text=&#8221;true&#8221; width=&#8221;1\/4&#8243; animation=&#8221;fade-in&#8221; enable_animation=&#8221;true&#8221; column_padding=&#8221;no-extra-padding&#8221; background_color_opacity=&#8221;1&#8243;][vc_row_inner][vc_column_inner width=&#8221;1\/1&#8243; enable_animation=&#8221;true&#8221; animation=&#8221;fade-in&#8221; delay=&#8221;400&#8243; column_padding=&#8221;no-extra-padding&#8221;][vc_column_text][\/vc_column_text][\/vc_column_inner][\/vc_row_inner][vc_column_text] 100% Responsive Design Accusantium quam, ultri eget&#8230;<\/p>\n","protected":false},"author":1,"featured_media":0,"parent":0,"menu_order":11,"comment_status":"open","ping_status":"open","template":"","meta":{"footnotes":""},"class_list":["post-2129","page","type-page","status-publish"],"_links":{"self":[{"href":"http:\/\/www.prwestglobal.com\/index.php\/wp-json\/wp\/v2\/pages\/2129","targetHints":{"allow":["GET"]}}],"collection":[{"href":"http:\/\/www.prwestglobal.com\/index.php\/wp-json\/wp\/v2\/pages"}],"about":[{"href":"http:\/\/www.prwestglobal.com\/index.php\/wp-json\/wp\/v2\/types\/page"}],"author":[{"embeddable":true,"href":"http:\/\/www.prwestglobal.com\/index.php\/wp-json\/wp\/v2\/users\/1"}],"replies":[{"embeddable":true,"href":"http:\/\/www.prwestglobal.com\/index.php\/wp-json\/wp\/v2\/comments?post=2129"}],"version-history":[{"count":0,"href":"http:\/\/www.prwestglobal.com\/index.php\/wp-json\/wp\/v2\/pages\/2129\/revisions"}],"wp:attachment":[{"href":"http:\/\/www.prwestglobal.com\/index.php\/wp-json\/wp\/v2\/media?parent=2129"}],"curies":[{"name":"wp","href":"https:\/\/api.w.org\/{rel}","templated":true}]}}