{"id":2425,"date":"2014-04-03T18:15:03","date_gmt":"2014-04-03T18:15:03","guid":{"rendered":"http:\/\/themenectar.com\/demo\/salient-frostwave\/?page_id=2425"},"modified":"2023-07-14T09:50:05","modified_gmt":"2023-07-14T09:50:05","slug":"surdurulebilirlik","status":"publish","type":"page","link":"http:\/\/www.prwestglobal.com\/index.php\/uzmanliklarimiz\/surdurulebilirlik\/","title":{"rendered":"S\u00fcrd\u00fcr\u00fclebilirlik Dan\u0131\u015fmanl\u0131\u011f\u0131"},"content":{"rendered":"[vc_row type=&#8221;full_width_background&#8221; full_screen_row_position=&#8221;middle&#8221; column_margin=&#8221;default&#8221; column_direction=&#8221;default&#8221; column_direction_tablet=&#8221;default&#8221; column_direction_phone=&#8221;default&#8221; scene_position=&#8221;center&#8221; top_padding=&#8221;80&#8243; bottom_padding=&#8221;80&#8243; text_color=&#8221;dark&#8221; text_align=&#8221;left&#8221; row_border_radius=&#8221;none&#8221; row_border_radius_applies=&#8221;bg&#8221; overflow=&#8221;visible&#8221; overlay_strength=&#8221;0.3&#8243; gradient_direction=&#8221;left_to_right&#8221; shape_divider_position=&#8221;bottom&#8221; bg_image_animation=&#8221;none&#8221;][vc_column column_padding=&#8221;no-extra-padding&#8221; column_padding_tablet=&#8221;inherit&#8221; column_padding_phone=&#8221;inherit&#8221; column_padding_position=&#8221;all&#8221; column_element_spacing=&#8221;default&#8221; background_color_opacity=&#8221;1&#8243; background_hover_color_opacity=&#8221;1&#8243; column_shadow=&#8221;none&#8221; column_border_radius=&#8221;none&#8221; column_link_target=&#8221;_self&#8221; column_position=&#8221;default&#8221; gradient_direction=&#8221;left_to_right&#8221; overlay_strength=&#8221;0.3&#8243; width=&#8221;1\/3&#8243; tablet_width_inherit=&#8221;default&#8221; tablet_text_alignment=&#8221;default&#8221; phone_text_alignment=&#8221;default&#8221; animation_type=&#8221;default&#8221; bg_image_animation=&#8221;none&#8221; border_type=&#8221;simple&#8221; column_border_width=&#8221;none&#8221; column_border_style=&#8221;solid&#8221;][vc_column_text]\n<h2>S\u00fcrd\u00fcr\u00fclebilirlik Dan\u0131\u015fmanl\u0131\u011f\u0131<\/h2>\n[divider line_type=&#8221;No Line&#8221; custom_height=&#8221;5&#8243;]\n<p>S\u00fcrd\u00fcr\u00fclebilirlik d\u00fcnyada geli\u015fme g\u00f6steren, h\u00fck\u00fcmetlerin birbirleriyle ve do\u011fa ile uyumlu hale gelebilmek ad\u0131na \u00f6neri ve kanunlar koyarak \u00e7e\u015fitli uygulamalar geli\u015ftirdikleri bir ya\u015fam modeline d\u00f6n\u00fc\u015fm\u00fc\u015ft\u00fcr. Sanayi ve i\u015fletmeler hem kendi \u00fclkelerinde bulunan Net S\u0131f\u0131r Hedeflerine hem de ihracat yapt\u0131klar\u0131 \u00fclkelerin hedef ve sistemlerine uyumlu hale gelebilmek i\u00e7in stratejiler geli\u015ftirmelidir. Bu uyumu sa\u011flayamayan \u00fcreticiler bulundu\u011fu pazarda de\u011fer kaybederek m\u00fc\u015fteri bulmada zorluklar ya\u015famak ve a\u011f\u0131r vergiler \u00f6demek gibi sorunlarla kar\u015f\u0131la\u015fabilmektedir.<\/p>\n<p>Kurulu\u015funuzun de\u011fi\u015fen \u015fartlara adaptasyonunu sa\u011flamak, mevcut sistemin ilgili politikalara uyumlu hale getirmek, geli\u015fen trendleri takip etmek, strateji geli\u015ftirme \u00e7al\u0131\u015fmalar\u0131n\u0131 verimli \u015fekilde ilerletmek ve operasyonel stratejilerinizi g\u00fcncel tutmak kurumlar i\u00e7in \u00f6nem ta\u015f\u0131maktad\u0131r.<\/p>\n[\/vc_column_text][\/vc_column][vc_column column_padding=&#8221;no-extra-padding&#8221; column_padding_tablet=&#8221;inherit&#8221; column_padding_phone=&#8221;inherit&#8221; column_padding_position=&#8221;all&#8221; column_element_spacing=&#8221;default&#8221; background_color_opacity=&#8221;1&#8243; background_hover_color_opacity=&#8221;1&#8243; column_shadow=&#8221;none&#8221; column_border_radius=&#8221;none&#8221; column_link_target=&#8221;_self&#8221; column_position=&#8221;default&#8221; gradient_direction=&#8221;left_to_right&#8221; overlay_strength=&#8221;0.3&#8243; width=&#8221;2\/3&#8243; tablet_width_inherit=&#8221;default&#8221; tablet_text_alignment=&#8221;default&#8221; phone_text_alignment=&#8221;default&#8221; animation_type=&#8221;default&#8221; bg_image_animation=&#8221;none&#8221; border_type=&#8221;simple&#8221; column_border_width=&#8221;none&#8221; column_border_style=&#8221;solid&#8221;][vc_column_text]\n<h2>S\u00fcrd\u00fcr\u00fclebilir Gelecek ve Kurumlar \u0130\u00e7in<\/h2>\n[divider line_type=&#8221;No Line&#8221; custom_height=&#8221;5&#8243;][\/vc_column_text]\n\t\t<div class=\"nectar-progress-bar\">\n\t\t\t<p>Stratejik Yakla\u015f\u0131m<\/p>\n\t\t\t<div class=\"bar-wrap\"><span class=\"accent-color\" data-width=\"100\"> <strong><i>100<\/i>%<\/strong> <\/span><\/div>\n\t\t<\/div>\n\t\t<div class=\"nectar-progress-bar\">\n\t\t\t<p>Uzun Vadeli Planlama<\/p>\n\t\t\t<div class=\"bar-wrap\"><span class=\"extra-color-2\" data-width=\"100\"> <strong><i>100<\/i>%<\/strong> <\/span><\/div>\n\t\t<\/div>\n\t\t<div class=\"nectar-progress-bar\">\n\t\t\t<p>De\u011fer ve K\u00fclt\u00fcrel \u00d6zelliklerin Entegrasyonu<\/p>\n\t\t\t<div class=\"bar-wrap\"><span class=\"extra-color-3\" data-width=\"100\"> <strong><i>100<\/i>%<\/strong> <\/span><\/div>\n\t\t<\/div>\n\t\t<div class=\"nectar-progress-bar\">\n\t\t\t<p>\u00dcretim ve Hizmet Alanlar\u0131n\u0131n Adaptasyonu<\/p>\n\t\t\t<div class=\"bar-wrap\"><span class=\"extra-color-gradient-2\" data-width=\"100\"> <strong><i>100<\/i>%<\/strong> <\/span><\/div>\n\t\t<\/div>\n\t\t<div class=\"nectar-progress-bar\">\n\t\t\t<p>S\u00fcrd\u00fcr\u00fclebilirlik \u0130leti\u015fimi<\/p>\n\t\t\t<div class=\"bar-wrap\"><span class=\"extra-color-gradient-1\" data-width=\"100\"> <strong><i>100<\/i>%<\/strong> <\/span><\/div>\n\t\t<\/div>[\/vc_column][\/vc_row][vc_row type=&#8221;full_width_background&#8221; full_screen_row_position=&#8221;middle&#8221; column_margin=&#8221;default&#8221; column_direction=&#8221;default&#8221; column_direction_tablet=&#8221;default&#8221; column_direction_phone=&#8221;default&#8221; bg_color=&#8221;#f5f5f5&#8243; scene_position=&#8221;center&#8221; top_padding=&#8221;40&#8243; bottom_padding=&#8221;40&#8243; text_color=&#8221;dark&#8221; text_align=&#8221;left&#8221; row_border_radius=&#8221;none&#8221; row_border_radius_applies=&#8221;bg&#8221; overflow=&#8221;visible&#8221; overlay_strength=&#8221;0.3&#8243; gradient_direction=&#8221;left_to_right&#8221; shape_divider_position=&#8221;bottom&#8221; bg_image_animation=&#8221;none&#8221;][vc_column column_padding=&#8221;no-extra-padding&#8221; column_padding_tablet=&#8221;inherit&#8221; column_padding_phone=&#8221;inherit&#8221; column_padding_position=&#8221;all&#8221; column_element_spacing=&#8221;default&#8221; background_color_opacity=&#8221;1&#8243; background_hover_color_opacity=&#8221;1&#8243; column_shadow=&#8221;none&#8221; column_border_radius=&#8221;none&#8221; column_link_target=&#8221;_self&#8221; column_position=&#8221;default&#8221; gradient_direction=&#8221;left_to_right&#8221; overlay_strength=&#8221;0.3&#8243; width=&#8221;1\/1&#8243; tablet_width_inherit=&#8221;default&#8221; tablet_text_alignment=&#8221;default&#8221; phone_text_alignment=&#8221;default&#8221; animation_type=&#8221;default&#8221; bg_image_animation=&#8221;none&#8221; border_type=&#8221;simple&#8221; column_border_width=&#8221;none&#8221; column_border_style=&#8221;solid&#8221;][clients columns=&#8221;4&#8243; hover_effect=&#8221;opacity&#8221; additional_padding=&#8221;none&#8221; carousel=&#8221;true&#8221;][client image=&#8221;3845&#8243; url_target=&#8221;_blank&#8221; url=&#8221;none&#8221; id=&#8221;1689327798835-7&#8243; title=&#8221;Client&#8221; name=&#8221;Bursal\u0131&#8221; tab_id=&#8221;1689327798835-6&#8243;][\/client][client image=&#8221;4258&#8243; url_target=&#8221;_blank&#8221; url=&#8221;none&#8221; id=&#8221;1689327798855-3&#8243; title=&#8221;Client&#8221; name=&#8221;Opsan&#8221; tab_id=&#8221;1689327798855-8&#8243;][\/client][client image=&#8221;3417&#8243; url_target=&#8221;_blank&#8221; url=&#8221;none&#8221; id=&#8221;1689327798860-9&#8243; title=&#8221;Client&#8221; name=&#8221;Maysan Mando&#8221; tab_id=&#8221;1689327798860-10&#8243;][\/client][client image=&#8221;3146&#8243; url_target=&#8221;_blank&#8221; url=&#8221;none&#8221; id=&#8221;1689327798871-4&#8243; title=&#8221;Client&#8221; name=&#8221;Bursa \u00c7imento&#8221; tab_id=&#8221;1689327798871-4&#8243;][\/client][client image=&#8221;3353&#8243; url_target=&#8221;_blank&#8221; url=&#8221;none&#8221; id=&#8221;1689327798881-1&#8243; title=&#8221;Client&#8221; name=&#8221;CW Enerji&#8221; tab_id=&#8221;1689327798881-5&#8243;][\/client][client image=&#8221;3128&#8243; url_target=&#8221;_blank&#8221; url=&#8221;none&#8221; id=&#8221;1689327798889-3&#8243; title=&#8221;Client&#8221; name=&#8221;Split Rain&#8221; tab_id=&#8221;1689327798889-8&#8243;][\/client][\/clients][\/vc_column][\/vc_row][vc_row type=&#8221;in_container&#8221; full_screen_row_position=&#8221;middle&#8221; column_margin=&#8221;default&#8221; column_direction=&#8221;default&#8221; column_direction_tablet=&#8221;default&#8221; column_direction_phone=&#8221;default&#8221; scene_position=&#8221;center&#8221; text_color=&#8221;dark&#8221; text_align=&#8221;left&#8221; row_border_radius=&#8221;none&#8221; row_border_radius_applies=&#8221;bg&#8221; overflow=&#8221;visible&#8221; overlay_strength=&#8221;0.3&#8243; gradient_direction=&#8221;left_to_right&#8221; shape_divider_position=&#8221;bottom&#8221; bg_image_animation=&#8221;none&#8221;][vc_column column_padding=&#8221;no-extra-padding&#8221; column_padding_tablet=&#8221;inherit&#8221; column_padding_phone=&#8221;inherit&#8221; column_padding_position=&#8221;all&#8221; column_element_spacing=&#8221;default&#8221; background_color_opacity=&#8221;1&#8243; background_hover_color_opacity=&#8221;1&#8243; column_shadow=&#8221;none&#8221; column_border_radius=&#8221;none&#8221; column_link_target=&#8221;_self&#8221; column_position=&#8221;default&#8221; gradient_direction=&#8221;left_to_right&#8221; overlay_strength=&#8221;0.3&#8243; width=&#8221;1\/1&#8243; tablet_width_inherit=&#8221;default&#8221; tablet_text_alignment=&#8221;default&#8221; phone_text_alignment=&#8221;default&#8221; animation_type=&#8221;default&#8221; bg_image_animation=&#8221;none&#8221; border_type=&#8221;simple&#8221; column_border_width=&#8221;none&#8221; column_border_style=&#8221;solid&#8221;][divider line_type=&#8221;Small Line&#8221; line_alignment=&#8221;default&#8221; line_thickness=&#8221;1&#8243; divider_color=&#8221;default&#8221;][\/vc_column][\/vc_row][vc_row type=&#8221;in_container&#8221; full_screen_row_position=&#8221;middle&#8221; column_margin=&#8221;default&#8221; column_direction=&#8221;default&#8221; column_direction_tablet=&#8221;default&#8221; column_direction_phone=&#8221;default&#8221; scene_position=&#8221;center&#8221; text_color=&#8221;dark&#8221; text_align=&#8221;left&#8221; row_border_radius=&#8221;none&#8221; row_border_radius_applies=&#8221;bg&#8221; overflow=&#8221;visible&#8221; overlay_strength=&#8221;0.3&#8243; gradient_direction=&#8221;left_to_right&#8221; shape_divider_position=&#8221;bottom&#8221; bg_image_animation=&#8221;none&#8221;][vc_column column_padding=&#8221;no-extra-padding&#8221; column_padding_tablet=&#8221;inherit&#8221; column_padding_phone=&#8221;inherit&#8221; column_padding_position=&#8221;all&#8221; column_element_spacing=&#8221;default&#8221; background_color_opacity=&#8221;1&#8243; background_hover_color_opacity=&#8221;1&#8243; column_shadow=&#8221;none&#8221; column_border_radius=&#8221;none&#8221; column_link_target=&#8221;_self&#8221; column_position=&#8221;default&#8221; gradient_direction=&#8221;left_to_right&#8221; overlay_strength=&#8221;0.3&#8243; width=&#8221;1\/1&#8243; tablet_width_inherit=&#8221;default&#8221; tablet_text_alignment=&#8221;default&#8221; phone_text_alignment=&#8221;default&#8221; animation_type=&#8221;default&#8221; bg_image_animation=&#8221;none&#8221; border_type=&#8221;simple&#8221; column_border_width=&#8221;none&#8221; column_border_style=&#8221;solid&#8221;][vc_column_text css_animation=&#8221;bounceIn&#8221;]<strong>S\u00fcrd\u00fcr\u00fclebilirlik Raporu Olu\u015fturulmas\u0131<\/strong><\/p>\n<p>Birle\u015fmi\u015f Milletler K\u00fcresel \u0130lkeler S\u00f6zle\u015fmesi \u0130lerleme Raporu (United Nations Global Compact Communication on Progress \u2013 UNGC CoP)<\/p>\n<p><strong>S\u00fcrd\u00fcr\u00fclebilirlik Stratejisi<\/strong><\/p>\n<p>Kurumun S\u00fcrd\u00fcr\u00fclebilirlik Strateji\u00a0 ve politikalar\u0131n\u0131n haz\u0131rlanmas\u0131, yol haritas\u0131 ile ilgili aksiyon plan\u0131 olu\u015fturulmas\u0131n\u0131 i\u00e7erir.<\/p>\n<p><strong>Sosyal Etki Analizi<\/strong><\/p>\n<p align=\"justify\">Stratejik Pazarlama Y\u00f6netiminin, dolay\u0131s\u0131yla s\u00fcrd\u00fcr\u00fclebilirli\u011fin ger\u00e7e\u011finin giderek m\u00fc\u015fteri, toplum, fayda yaratma, de\u011fer katma \u00fczerine geli\u015fmesi etkisinin artmas\u0131yla da Sosyal Etki Analizlerinin \u00f6nemi giderek artmaktad\u0131r.<\/p>\n<p align=\"justify\">\u00dcr\u00fcn ve faaliyetlerin etkileri payda\u015flar \u00fczerinde olumlu ve\/veya olumsuz bir\u00e7ok etki b\u0131rakabilmektedir. Sosyal etki analizleri ile bu s\u00f6z konusu etkileri \u00f6l\u00e7\u00fcmlemek hem i\u015f risklerini azaltmakta, hem de gelir art\u0131\u015f\u0131nda etkili olabilmektedir.<\/p>\n<p align=\"justify\"><strong>Payda\u015f Diyalo\u011fu<\/strong><\/p>\n<p align=\"justify\">S\u00fcrd\u00fcr\u00fclebilirli\u011fin en \u00f6nemli ama\u00e7lar\u0131ndan biri de stratejileri payda\u015f beklentileri \u00fczerine kurgulamakt\u0131r. Faaliyetlerimizden etkilenen ya da kendilerinden etkilendi\u011fimiz t\u00fcm gruplar; payda\u015flar\u0131m\u0131z olarak nitelendirilmektedir.<\/p>\n<p align=\"justify\">Dolay\u0131s\u0131yla; payda\u015flar\u0131m\u0131z ile mevcut diyaloglar\u0131m\u0131z\u0131n s\u00fcrd\u00fcr\u00fclebilirlik perspektifi a\u00e7\u0131s\u0131ndan irdelenmesi ve bu do\u011frultuda payda\u015f diyaloglar\u0131 ger\u00e7ekle\u015ftirilmesiyle etkili bir s\u00fcrd\u00fcr\u00fclebilirlik stratejisi ve aksiyon plan\u0131 olu\u015fturulabilir.<\/p>\n<p align=\"justify\"><strong>S\u00fcrd\u00fcr\u00fclebilirlik \u0130leti\u015fimi<\/strong><\/p>\n<p align=\"justify\">Sosyal sorumluluk projeleri de dahil olmak \u00fczere, s\u00fcrd\u00fcr\u00fclebilirlik faaliyetlerinin ileti\u015fiminin do\u011fru ve etkili bir bi\u00e7imde yap\u0131lmas\u0131 da \u00f6nem ta\u015f\u0131yor. Tutarl\u0131, do\u011fru yap\u0131land\u0131r\u0131lm\u0131\u015f ve iyi bir y\u00f6netim stratejisinden gelen pazarlama stratejisi ve <a href=\"http:\/\/www.prwestglobal.com\/index.php\/pr\/\" target=\"_blank\" rel=\"noopener\">ileti\u015fim planlar\u0131<\/a>; projelere, firmalara ve topluma de\u011fer kat\u0131yor.<\/p>\n[\/vc_column_text][\/vc_column][\/vc_row][vc_row type=&#8221;in_container&#8221; full_screen_row_position=&#8221;middle&#8221; column_margin=&#8221;default&#8221; column_direction=&#8221;default&#8221; column_direction_tablet=&#8221;default&#8221; column_direction_phone=&#8221;default&#8221; scene_position=&#8221;center&#8221; text_color=&#8221;dark&#8221; text_align=&#8221;left&#8221; row_border_radius=&#8221;none&#8221; row_border_radius_applies=&#8221;bg&#8221; overflow=&#8221;visible&#8221; overlay_strength=&#8221;0.3&#8243; gradient_direction=&#8221;left_to_right&#8221; shape_divider_position=&#8221;bottom&#8221; bg_image_animation=&#8221;none&#8221;][vc_column column_padding=&#8221;no-extra-padding&#8221; column_padding_tablet=&#8221;inherit&#8221; column_padding_phone=&#8221;inherit&#8221; column_padding_position=&#8221;all&#8221; column_element_spacing=&#8221;default&#8221; background_color_opacity=&#8221;1&#8243; background_hover_color_opacity=&#8221;1&#8243; column_shadow=&#8221;none&#8221; column_border_radius=&#8221;none&#8221; column_link_target=&#8221;_self&#8221; column_position=&#8221;default&#8221; gradient_direction=&#8221;left_to_right&#8221; overlay_strength=&#8221;0.3&#8243; width=&#8221;1\/1&#8243; tablet_width_inherit=&#8221;default&#8221; tablet_text_alignment=&#8221;default&#8221; phone_text_alignment=&#8221;default&#8221; animation_type=&#8221;default&#8221; bg_image_animation=&#8221;none&#8221; border_type=&#8221;simple&#8221; column_border_width=&#8221;none&#8221; column_border_style=&#8221;solid&#8221;][divider line_type=&#8221;Small Line&#8221; line_alignment=&#8221;default&#8221; line_thickness=&#8221;1&#8243; divider_color=&#8221;default&#8221;][\/vc_column][\/vc_row][vc_row type=&#8221;in_container&#8221; full_screen_row_position=&#8221;middle&#8221; column_margin=&#8221;default&#8221; column_direction=&#8221;default&#8221; column_direction_tablet=&#8221;default&#8221; column_direction_phone=&#8221;default&#8221; scene_position=&#8221;center&#8221; text_color=&#8221;dark&#8221; text_align=&#8221;left&#8221; row_border_radius=&#8221;none&#8221; row_border_radius_applies=&#8221;bg&#8221; overflow=&#8221;visible&#8221; overlay_strength=&#8221;0.3&#8243; gradient_direction=&#8221;left_to_right&#8221; shape_divider_position=&#8221;bottom&#8221; bg_image_animation=&#8221;none&#8221;][vc_column column_padding=&#8221;no-extra-padding&#8221; column_padding_tablet=&#8221;inherit&#8221; column_padding_phone=&#8221;inherit&#8221; column_padding_position=&#8221;all&#8221; column_element_spacing=&#8221;default&#8221; background_color_opacity=&#8221;1&#8243; background_hover_color_opacity=&#8221;1&#8243; column_shadow=&#8221;none&#8221; column_border_radius=&#8221;none&#8221; column_link_target=&#8221;_self&#8221; column_position=&#8221;default&#8221; gradient_direction=&#8221;left_to_right&#8221; overlay_strength=&#8221;0.3&#8243; width=&#8221;1\/1&#8243; tablet_width_inherit=&#8221;default&#8221; tablet_text_alignment=&#8221;default&#8221; phone_text_alignment=&#8221;default&#8221; animation_type=&#8221;default&#8221; bg_image_animation=&#8221;none&#8221; border_type=&#8221;simple&#8221; column_border_width=&#8221;none&#8221; column_border_style=&#8221;solid&#8221;][image_with_animation image_url=&#8221;4391&#8243; image_size=&#8221;full&#8221; animation_type=&#8221;entrance&#8221; animation=&#8221;Fade In&#8221; hover_animation=&#8221;none&#8221; alignment=&#8221;&#8221; border_radius=&#8221;none&#8221; box_shadow=&#8221;none&#8221; image_loading=&#8221;default&#8221; max_width=&#8221;100%&#8221; max_width_mobile=&#8221;default&#8221;][\/vc_column][\/vc_row]\n","protected":false},"excerpt":{"rendered":"<p>[vc_row type=&#8221;full_width_background&#8221; full_screen_row_position=&#8221;middle&#8221; column_margin=&#8221;default&#8221; column_direction=&#8221;default&#8221; column_direction_tablet=&#8221;default&#8221; column_direction_phone=&#8221;default&#8221; scene_position=&#8221;center&#8221; top_padding=&#8221;80&#8243; bottom_padding=&#8221;80&#8243; text_color=&#8221;dark&#8221; text_align=&#8221;left&#8221; row_border_radius=&#8221;none&#8221; row_border_radius_applies=&#8221;bg&#8221; overflow=&#8221;visible&#8221; overlay_strength=&#8221;0.3&#8243; gradient_direction=&#8221;left_to_right&#8221; shape_divider_position=&#8221;bottom&#8221; bg_image_animation=&#8221;none&#8221;][vc_column column_padding=&#8221;no-extra-padding&#8221; column_padding_tablet=&#8221;inherit&#8221; column_padding_phone=&#8221;inherit&#8221; column_padding_position=&#8221;all&#8221; column_element_spacing=&#8221;default&#8221; background_color_opacity=&#8221;1&#8243; background_hover_color_opacity=&#8221;1&#8243; column_shadow=&#8221;none&#8221; column_border_radius=&#8221;none&#8221; column_link_target=&#8221;_self&#8221; column_position=&#8221;default&#8221;&#8230;<\/p>\n","protected":false},"author":1,"featured_media":0,"parent":2837,"menu_order":4,"comment_status":"open","ping_status":"open","template":"","meta":{"footnotes":""},"class_list":["post-2425","page","type-page","status-publish"],"_links":{"self":[{"href":"http:\/\/www.prwestglobal.com\/index.php\/wp-json\/wp\/v2\/pages\/2425","targetHints":{"allow":["GET"]}}],"collection":[{"href":"http:\/\/www.prwestglobal.com\/index.php\/wp-json\/wp\/v2\/pages"}],"about":[{"href":"http:\/\/www.prwestglobal.com\/index.php\/wp-json\/wp\/v2\/types\/page"}],"author":[{"embeddable":true,"href":"http:\/\/www.prwestglobal.com\/index.php\/wp-json\/wp\/v2\/users\/1"}],"replies":[{"embeddable":true,"href":"http:\/\/www.prwestglobal.com\/index.php\/wp-json\/wp\/v2\/comments?post=2425"}],"version-history":[{"count":12,"href":"http:\/\/www.prwestglobal.com\/index.php\/wp-json\/wp\/v2\/pages\/2425\/revisions"}],"predecessor-version":[{"id":4422,"href":"http:\/\/www.prwestglobal.com\/index.php\/wp-json\/wp\/v2\/pages\/2425\/revisions\/4422"}],"up":[{"embeddable":true,"href":"http:\/\/www.prwestglobal.com\/index.php\/wp-json\/wp\/v2\/pages\/2837"}],"wp:attachment":[{"href":"http:\/\/www.prwestglobal.com\/index.php\/wp-json\/wp\/v2\/media?parent=2425"}],"curies":[{"name":"wp","href":"https:\/\/api.w.org\/{rel}","templated":true}]}}