{"id":4850,"date":"2024-06-13T15:36:11","date_gmt":"2024-06-13T15:36:11","guid":{"rendered":"http:\/\/www.prwestglobal.com\/?page_id=4850"},"modified":"2024-06-13T15:42:44","modified_gmt":"2024-06-13T15:42:44","slug":"savunma-sanayi-iletisimi","status":"publish","type":"page","link":"http:\/\/www.prwestglobal.com\/index.php\/uzmanliklarimiz\/savunma-sanayi-iletisimi\/","title":{"rendered":"Savunma Sanayi \u0130leti\u015fimi"},"content":{"rendered":"[vc_row type=&#8221;in_container&#8221; full_screen_row_position=&#8221;middle&#8221; column_margin=&#8221;default&#8221; column_direction=&#8221;default&#8221; column_direction_tablet=&#8221;default&#8221; column_direction_phone=&#8221;default&#8221; scene_position=&#8221;center&#8221; text_color=&#8221;dark&#8221; text_align=&#8221;left&#8221; row_border_radius=&#8221;none&#8221; row_border_radius_applies=&#8221;bg&#8221; overflow=&#8221;visible&#8221; overlay_strength=&#8221;0.3&#8243; gradient_direction=&#8221;left_to_right&#8221; shape_divider_position=&#8221;bottom&#8221; bg_image_animation=&#8221;none&#8221;][vc_column column_padding=&#8221;no-extra-padding&#8221; column_padding_tablet=&#8221;inherit&#8221; column_padding_phone=&#8221;inherit&#8221; column_padding_position=&#8221;all&#8221; column_element_direction_desktop=&#8221;default&#8221; column_element_spacing=&#8221;default&#8221; desktop_text_alignment=&#8221;default&#8221; tablet_text_alignment=&#8221;default&#8221; phone_text_alignment=&#8221;default&#8221; background_color_opacity=&#8221;1&#8243; background_hover_color_opacity=&#8221;1&#8243; column_backdrop_filter=&#8221;none&#8221; column_shadow=&#8221;none&#8221; column_border_radius=&#8221;none&#8221; column_link_target=&#8221;_self&#8221; column_position=&#8221;default&#8221; gradient_direction=&#8221;left_to_right&#8221; overlay_strength=&#8221;0.3&#8243; width=&#8221;1\/1&#8243; tablet_width_inherit=&#8221;default&#8221; animation_type=&#8221;default&#8221; bg_image_animation=&#8221;none&#8221; border_type=&#8221;simple&#8221; column_border_width=&#8221;none&#8221; column_border_style=&#8221;solid&#8221;][vc_column_text]Savunma sanayi, ulusal g\u00fcvenlik ve kalk\u0131nma i\u00e7in kritik \u00f6nem ta\u015f\u0131yan bir sekt\u00f6rd\u00fcr. Bu sekt\u00f6rde faaliyet g\u00f6steren firmalar, en geli\u015fmi\u015f teknolojileri kullanarak \u00fclkelerinin ihtiya\u00e7 duydu\u011fu savunma sistemlerini geli\u015ftirir ve \u00fcretirler.<\/p>\n<p>Ancak, savunma sanayi firmalar\u0131 sadece teknik yetkinlikleriyle de\u011fil, ayn\u0131 zamanda alg\u0131lar\u0131 ile de rekabet ederler. Kamuoyu ve ilgili hedef kitlelerin firmalar hakk\u0131ndaki alg\u0131lar\u0131, yat\u0131r\u0131mlar, ortakl\u0131klar ve sat\u0131\u015flar gibi konularda \u00f6nemli bir rol oynayabilir. Bu nedenle, alg\u0131 y\u00f6netimi, savunma sanayi firmalar\u0131 i\u00e7in kritik \u00f6nem ta\u015f\u0131r.<\/p>\n<h4>Savunma sanayi \u015firketlerinde alg\u0131 y\u00f6netimi nedir?<\/h4>\n<p>Alg\u0131 y\u00f6netimi, bir firman\u0131n hedef kitlelerin onu nas\u0131l alg\u0131lad\u0131\u011f\u0131n\u0131 kontrol etme ve y\u00f6netme \u00e7abas\u0131d\u0131r. Bu, \u00e7e\u015fitli ileti\u015fim faaliyetleri arac\u0131l\u0131\u011f\u0131yla ger\u00e7ekle\u015ftirilir. Savunma sanayi \u015firketlerinde alg\u0131 y\u00f6netimi, \u015funlar\u0131 i\u00e7erir:<\/p>\n<p>Marka bilinirli\u011fi olu\u015fturmak: Hedef kitlelerin firmay\u0131 ve \u00fcr\u00fcnlerini tan\u0131mas\u0131n\u0131 sa\u011flamak.<br \/>\nG\u00fcven ve itibar in\u015fa etmek: Firman\u0131n g\u00fcvenilir, etik ve sorumlu bir kurulu\u015f oldu\u011funa dair alg\u0131y\u0131 geli\u015ftirmek.<br \/>\nYenilik\u00e7ilik ve liderlik alg\u0131s\u0131 yaratmak: Firman\u0131n sekt\u00f6rde \u00f6nc\u00fc ve yenilik\u00e7i bir konumda oldu\u011funa dair alg\u0131y\u0131 geli\u015ftirmek.<br \/>\n\u00dcr\u00fcn ve hizmetlere olan ilgiyi ve talebi art\u0131rmak: Hedef kitlelerin firman\u0131n \u00fcr\u00fcnlerine ve hizmetlerine olan ilgisini ve taleplerini art\u0131rmak.<br \/>\nKamuoyunun deste\u011fini ve g\u00fcvenini kazanmak: Kamuoyunun firmaya ve faaliyetlerine olan deste\u011fini ve g\u00fcvenini kazanmak.<\/p>\n<h4>Savunma sanayi \u015firketlerinde alg\u0131 y\u00f6netimi nas\u0131l yap\u0131l\u0131r?<\/h4>\n<p>Savunma sanayi \u015firketlerinde alg\u0131 y\u00f6netimi, \u00e7e\u015fitli ileti\u015fim faaliyetleri arac\u0131l\u0131\u011f\u0131yla ger\u00e7ekle\u015ftirilir. Bu faaliyetler \u015funlar\u0131 i\u00e7erebilir:<\/p>\n<ul>\n<li>Bas\u0131n b\u00fcltenleri ve bas\u0131n \u00e7al\u0131\u015fmalar\u0131: Medyaya firman\u0131n faaliyetleri, \u00fcr\u00fcnleri ve hizmetleri hakk\u0131nda bilgi vermek.<\/li>\n<li>Web sitesi ve sosyal medya: Hedef kitlelerle do\u011frudan ileti\u015fim kurmak ve firman\u0131n faaliyetlerini tan\u0131tmak.<\/li>\n<li>Reklamlar ve pazarlama kampanyalar\u0131: Hedef kitlelerin ilgisini \u00e7ekmek ve firman\u0131n \u00fcr\u00fcnlerini ve hizmetlerini tan\u0131tmak.<\/li>\n<li>Fuarlar ve konferanslar: Sekt\u00f6rdeki di\u011fer firmalarla ve potansiyel m\u00fc\u015fterilerle ba\u011flant\u0131 kurmak.<\/li>\n<li>Sponsorluklar ve sosyal sorumluluk projeleri: Topluma katk\u0131da bulunmak ve firman\u0131n itibar\u0131n\u0131 geli\u015ftirmek.<\/li>\n<li>D\u00fc\u015f\u00fcnce liderli\u011fi: Sekt\u00f6rdeki uzmanlar olarak konumland\u0131rmak ve firman\u0131n g\u00f6r\u00fc\u015flerini payla\u015fmak.<\/li>\n<\/ul>\n<h4>Savunma sanayi \u015firketlerinde alg\u0131 y\u00f6netiminin \u00f6nemi:<\/h4>\n<p>Savunma sanayi \u015firketlerinde alg\u0131 y\u00f6netimi, firmalar\u0131n \u015fu konularda ba\u015far\u0131l\u0131 olmalar\u0131na yard\u0131mc\u0131 olabilir:<\/p>\n<p>Daha fazla yat\u0131r\u0131m \u00e7ekmek: Yat\u0131r\u0131mc\u0131lar, g\u00fcvenilir ve itibarl\u0131 firmalara yat\u0131r\u0131m yapmaya daha meyillidir.<br \/>\nDaha fazla ortakl\u0131k kurmak: Di\u011fer firmalar, g\u00fc\u00e7l\u00fc bir markaya sahip ve sekt\u00f6rde lider konumda olan firmalarla ortakl\u0131k kurmak ister.<br \/>\nDaha fazla \u00fcr\u00fcn ve hizmet satmak: G\u00fc\u00e7l\u00fc bir alg\u0131ya sahip firmalar\u0131n \u00fcr\u00fcnlerine ve hizmetlerine olan talep daha y\u00fcksektir.<br \/>\nKamuoyunun deste\u011fini ve g\u00fcvenini kazanmak: Kamuoyunun deste\u011fine sahip firmalar, h\u00fck\u00fcmetlerden ve di\u011fer kurulu\u015flardan daha fazla destek alma \u015fans\u0131na sahiptir.<\/p>\n<h4>Sonu\u00e7:<\/h4>\n<p>Savunma sanayi \u015firketlerinde alg\u0131 y\u00f6netimi, firmalar\u0131n ulusal ve uluslararas\u0131 alanda daha ba\u015far\u0131l\u0131 olmalar\u0131na yard\u0131mc\u0131 olabilecek g\u00fc\u00e7l\u00fc bir ara\u00e7t\u0131r. Do\u011fru bir alg\u0131 y\u00f6netimi \u00e7al\u0131\u015fmas\u0131 ile firmalar, hedef kitlelerine ula\u015fabilir, marka bilinirliklerini ve itibarlar\u0131n\u0131 art\u0131rabilir ve sekt\u00f6rde lider konuma gelebilirler.<\/p>\n<p>Bizler de PRWEST Global olarak savunma sanayi \u015firketlerinin t\u00fcm ileti\u015fim s\u00fcre\u00e7lerinin y\u00f6netiminde destek vermek ad\u0131na uzman ekibimiz ile \u00e7al\u0131\u015fmalar\u0131m\u0131z\u0131 s\u00fcrd\u00fcr\u00fcyoruz.[\/vc_column_text][\/vc_column][\/vc_row][vc_row type=&#8221;in_container&#8221; full_screen_row_position=&#8221;middle&#8221; column_margin=&#8221;default&#8221; column_direction=&#8221;default&#8221; column_direction_tablet=&#8221;default&#8221; column_direction_phone=&#8221;default&#8221; scene_position=&#8221;center&#8221; text_color=&#8221;dark&#8221; text_align=&#8221;left&#8221; row_border_radius=&#8221;none&#8221; row_border_radius_applies=&#8221;bg&#8221; overflow=&#8221;visible&#8221; overlay_strength=&#8221;0.3&#8243; gradient_direction=&#8221;left_to_right&#8221; shape_divider_position=&#8221;bottom&#8221; bg_image_animation=&#8221;none&#8221;][vc_column column_padding=&#8221;no-extra-padding&#8221; column_padding_tablet=&#8221;inherit&#8221; column_padding_phone=&#8221;inherit&#8221; column_padding_position=&#8221;all&#8221; column_element_direction_desktop=&#8221;default&#8221; column_element_spacing=&#8221;default&#8221; desktop_text_alignment=&#8221;default&#8221; tablet_text_alignment=&#8221;default&#8221; phone_text_alignment=&#8221;default&#8221; background_color_opacity=&#8221;1&#8243; background_hover_color_opacity=&#8221;1&#8243; column_backdrop_filter=&#8221;none&#8221; column_shadow=&#8221;none&#8221; column_border_radius=&#8221;none&#8221; column_link_target=&#8221;_self&#8221; column_position=&#8221;default&#8221; gradient_direction=&#8221;left_to_right&#8221; overlay_strength=&#8221;0.3&#8243; width=&#8221;1\/1&#8243; tablet_width_inherit=&#8221;default&#8221; animation_type=&#8221;default&#8221; bg_image_animation=&#8221;none&#8221; border_type=&#8221;simple&#8221; column_border_width=&#8221;none&#8221; column_border_style=&#8221;solid&#8221;][image_with_animation image_size=&#8221;full&#8221; animation_type=&#8221;entrance&#8221; animation=&#8221;None&#8221; animation_movement_type=&#8221;transform_y&#8221; hover_animation=&#8221;none&#8221; alignment=&#8221;&#8221; border_radius=&#8221;none&#8221; box_shadow=&#8221;none&#8221; image_loading=&#8221;default&#8221; max_width=&#8221;100%&#8221; max_width_mobile=&#8221;default&#8221;][\/vc_column][\/vc_row]\n","protected":false},"excerpt":{"rendered":"<p>[vc_row type=&#8221;in_container&#8221; full_screen_row_position=&#8221;middle&#8221; column_margin=&#8221;default&#8221; column_direction=&#8221;default&#8221; column_direction_tablet=&#8221;default&#8221; column_direction_phone=&#8221;default&#8221; scene_position=&#8221;center&#8221; text_color=&#8221;dark&#8221; text_align=&#8221;left&#8221; row_border_radius=&#8221;none&#8221; row_border_radius_applies=&#8221;bg&#8221; overflow=&#8221;visible&#8221; overlay_strength=&#8221;0.3&#8243; gradient_direction=&#8221;left_to_right&#8221; shape_divider_position=&#8221;bottom&#8221; bg_image_animation=&#8221;none&#8221;][vc_column column_padding=&#8221;no-extra-padding&#8221; column_padding_tablet=&#8221;inherit&#8221; column_padding_phone=&#8221;inherit&#8221; column_padding_position=&#8221;all&#8221; column_element_direction_desktop=&#8221;default&#8221; column_element_spacing=&#8221;default&#8221; desktop_text_alignment=&#8221;default&#8221; tablet_text_alignment=&#8221;default&#8221; phone_text_alignment=&#8221;default&#8221; background_color_opacity=&#8221;1&#8243; background_hover_color_opacity=&#8221;1&#8243; column_backdrop_filter=&#8221;none&#8221; column_shadow=&#8221;none&#8221;&#8230;<\/p>\n","protected":false},"author":1,"featured_media":0,"parent":2837,"menu_order":0,"comment_status":"closed","ping_status":"closed","template":"","meta":{"footnotes":""},"class_list":["post-4850","page","type-page","status-publish"],"_links":{"self":[{"href":"http:\/\/www.prwestglobal.com\/index.php\/wp-json\/wp\/v2\/pages\/4850","targetHints":{"allow":["GET"]}}],"collection":[{"href":"http:\/\/www.prwestglobal.com\/index.php\/wp-json\/wp\/v2\/pages"}],"about":[{"href":"http:\/\/www.prwestglobal.com\/index.php\/wp-json\/wp\/v2\/types\/page"}],"author":[{"embeddable":true,"href":"http:\/\/www.prwestglobal.com\/index.php\/wp-json\/wp\/v2\/users\/1"}],"replies":[{"embeddable":true,"href":"http:\/\/www.prwestglobal.com\/index.php\/wp-json\/wp\/v2\/comments?post=4850"}],"version-history":[{"count":3,"href":"http:\/\/www.prwestglobal.com\/index.php\/wp-json\/wp\/v2\/pages\/4850\/revisions"}],"predecessor-version":[{"id":4879,"href":"http:\/\/www.prwestglobal.com\/index.php\/wp-json\/wp\/v2\/pages\/4850\/revisions\/4879"}],"up":[{"embeddable":true,"href":"http:\/\/www.prwestglobal.com\/index.php\/wp-json\/wp\/v2\/pages\/2837"}],"wp:attachment":[{"href":"http:\/\/www.prwestglobal.com\/index.php\/wp-json\/wp\/v2\/media?parent=4850"}],"curies":[{"name":"wp","href":"https:\/\/api.w.org\/{rel}","templated":true}]}}