{"id":704,"date":"2013-03-23T13:05:30","date_gmt":"2013-03-23T13:05:30","guid":{"rendered":"http:\/\/themenectar.com\/demo\/salient\/?page_id=20"},"modified":"2024-08-01T10:42:46","modified_gmt":"2024-08-01T10:42:46","slug":"hakkimizda","status":"publish","type":"page","link":"http:\/\/www.prwestglobal.com\/index.php\/hakkimizda\/","title":{"rendered":"Hakk\u0131m\u0131zda"},"content":{"rendered":"[vc_row type=&#8221;in_container&#8221; full_screen_row_position=&#8221;middle&#8221; column_margin=&#8221;default&#8221; column_direction=&#8221;default&#8221; column_direction_tablet=&#8221;default&#8221; column_direction_phone=&#8221;default&#8221; scene_position=&#8221;center&#8221; top_padding=&#8221;80&#8243; bottom_padding=&#8221;5&#8243; text_color=&#8221;dark&#8221; text_align=&#8221;left&#8221; row_border_radius=&#8221;none&#8221; row_border_radius_applies=&#8221;bg&#8221; overflow=&#8221;visible&#8221; overlay_strength=&#8221;0.3&#8243; gradient_direction=&#8221;left_to_right&#8221; shape_divider_position=&#8221;bottom&#8221; bg_image_animation=&#8221;none&#8221;][vc_column column_padding=&#8221;no-extra-padding&#8221; column_padding_tablet=&#8221;inherit&#8221; column_padding_phone=&#8221;inherit&#8221; column_padding_position=&#8221;all&#8221; column_element_spacing=&#8221;default&#8221; background_color_opacity=&#8221;1&#8243; background_hover_color_opacity=&#8221;1&#8243; column_shadow=&#8221;none&#8221; column_border_radius=&#8221;none&#8221; column_link_target=&#8221;_self&#8221; column_position=&#8221;default&#8221; gradient_direction=&#8221;left_to_right&#8221; overlay_strength=&#8221;0.3&#8243; width=&#8221;2\/3&#8243; tablet_width_inherit=&#8221;default&#8221; tablet_text_alignment=&#8221;default&#8221; phone_text_alignment=&#8221;default&#8221; animation_type=&#8221;default&#8221; bg_image_animation=&#8221;none&#8221; border_type=&#8221;simple&#8221; column_border_width=&#8221;none&#8221; column_border_style=&#8221;solid&#8221;][vc_column_text]PRWEST Global Consulting\u2019in temelleri, 2004 y\u0131l\u0131nda Bursa\u2019da stratejik ileti\u015fim y\u00f6netimi ve itibar y\u00f6netimi alanlar\u0131nda faaliyet g\u00f6stermek \u00fczere\u00a0at\u0131lm\u0131\u015ft\u0131r.<\/p>\n<p>Yerelin g\u00fcc\u00fcn\u00fc uluslararas\u0131 arenaya ta\u015f\u0131mak misyonu ile \u00e7al\u0131\u015fmalar\u0131n\u0131 s\u00fcrd\u00fcren PRWEST Global Consulting, kentin ba\u015far\u0131l\u0131 markalar\u0131 ile \u00f6nemli i\u015fbirliklerine imza atm\u0131\u015f ve sekt\u00f6rel geli\u015fim i\u00e7in faaliyet g\u00f6stermi\u015ftir.<\/p>\n<p>\u0130\u015fbirli\u011fi i\u00e7erisinde oldu\u011fu markalarla,\u00a0s\u00fcrd\u00fcr\u00fclebilir ileti\u015fim modeli \u00e7er\u00e7evesinde etkin faaliyetler y\u00fcr\u00fcten PRWEST; yeni \u00e7a\u011f\u0131n gerektirdi\u011fi yetkinlik, tecr\u00fcbe, dinamizm, disiplin ve heyecan ile \u00a0hizmet verdi\u011fi markalar\u0131n kurumsal itibar\u0131n\u0131n ve alg\u0131s\u0131n\u0131n\u00a0geli\u015fimi ad\u0131na yo\u011fun bir \u00e7aba g\u00f6stermektedir.<\/p>\n<p>B\u00fct\u00fcnsel yakla\u015f\u0131mlar sergileyerek, ileti\u015fim alan\u0131nda hem modern, hem de geleneksel\u00a0ileti\u015fim y\u00f6ntemlerini ba\u015far\u0131yla uygulayan PRWEST Global Consulting;\u00a0stratejik ileti\u015fim dan\u0131\u015fmanl\u0131\u011f\u0131 ve halkla ili\u015fkiler hizmetlerinin uluslararas\u0131 standartlarda katma de\u011fer \u00fcreterek, hizmet verdi\u011fi kurumun ve markan\u0131n alg\u0131s\u0131n\u0131 ve stratejik ileti\u015fimi en iyi ve verimli \u015fekilde y\u00f6netmektedir.<\/p>\n<p>M\u00fc\u015fteri memnuniyetini, \u00f6ncelikli prensip olarak benimseyen PRWEST Global Consulting; bilgi ve teknolojinin anbean g\u00fcncellendi\u011fi\u00a0yenid\u00fcnya d\u00fczeninde, ya\u015fanan bu de\u011fi\u015fim ivmesine en h\u0131zl\u0131 \u015fekilde adapte olup, \u00a0sekt\u00f6rel geli\u015fimleri yak\u0131ndan takip ederek, sonu\u00e7 odakl\u0131 \u00e7al\u0131\u015fmalar y\u00fcr\u00fctmeye devam ediyor.<\/p>\n<p>M\u00fc\u015fterilerinin, t\u00fcm hedef kitlelerine y\u00f6nelik etkile\u015fimlerini g\u00fc\u00e7lendirmek amac\u0131yla \u00e7ok y\u00f6nl\u00fc ileti\u015fim s\u00fcre\u00e7leri y\u00fcr\u00fcten PRWEST; sundu\u011fu ileti\u015fim \u00e7\u00f6z\u00fcmleriyle \u00fclkemizin ve d\u00fcnyan\u0131n sekt\u00f6rlerinde \u00f6nde gelen kurum ve kurulu\u015flar\u0131na hizmet vermektedir.<\/p>\n<p>PRWEST bug\u00fcn; Bursa, \u0130stanbul ve Plovdiv ba\u015fta olmak \u00fczere, d\u00fcnyan\u0131n bir\u00e7ok \u00fclkesinde itibar y\u00f6netimi alan\u0131nda faaliyetlerini ba\u015far\u0131yla s\u00fcrd\u00fcrmektedir.[\/vc_column_text][\/vc_column][vc_column column_padding=&#8221;no-extra-padding&#8221; column_padding_tablet=&#8221;inherit&#8221; column_padding_phone=&#8221;inherit&#8221; column_padding_position=&#8221;all&#8221; column_element_spacing=&#8221;default&#8221; background_color_opacity=&#8221;1&#8243; background_hover_color_opacity=&#8221;1&#8243; column_shadow=&#8221;none&#8221; column_border_radius=&#8221;none&#8221; column_link_target=&#8221;_self&#8221; column_position=&#8221;default&#8221; gradient_direction=&#8221;left_to_right&#8221; overlay_strength=&#8221;0.3&#8243; width=&#8221;1\/3&#8243; tablet_width_inherit=&#8221;default&#8221; tablet_text_alignment=&#8221;default&#8221; phone_text_alignment=&#8221;default&#8221; animation_type=&#8221;default&#8221; bg_image_animation=&#8221;none&#8221; border_type=&#8221;simple&#8221; column_border_width=&#8221;none&#8221; column_border_style=&#8221;solid&#8221;][vc_column_text]\n<h2>Pozitif Y\u00f6nlerimiz<\/h2>\n[\/vc_column_text]\n\t\t<div class=\"nectar-progress-bar\">\n\t\t\t<p>Branding<\/p>\n\t\t\t<div class=\"bar-wrap\"><span class=\"accent-color\" data-width=\"100\"> <strong><i>100<\/i>%<\/strong> <\/span><\/div>\n\t\t<\/div>\n\t\t<div class=\"nectar-progress-bar\">\n\t\t\t<p>Dijital \u0130tibar Y\u00f6netimi<\/p>\n\t\t\t<div class=\"bar-wrap\"><span class=\"accent-color\" data-width=\"90\"> <strong><i>90<\/i>%<\/strong> <\/span><\/div>\n\t\t<\/div>\n\t\t<div class=\"nectar-progress-bar\">\n\t\t\t<p>Sat\u0131n Alma Dan\u0131\u015fmanl\u0131\u011f\u0131<\/p>\n\t\t\t<div class=\"bar-wrap\"><span class=\"accent-color\" data-width=\"90\"> <strong><i>90<\/i>%<\/strong> <\/span><\/div>\n\t\t<\/div>\n\t\t<div class=\"nectar-progress-bar\">\n\t\t\t<p>E\u011fitimler<\/p>\n\t\t\t<div class=\"bar-wrap\"><span class=\"accent-color\" data-width=\"90\"> <strong><i>90<\/i>%<\/strong> <\/span><\/div>\n\t\t<\/div>\n\t\t<div class=\"nectar-progress-bar\">\n\t\t\t<p>Etkinlik Y\u00f6netimi<\/p>\n\t\t\t<div class=\"bar-wrap\"><span class=\"accent-color\" data-width=\"100\"> <strong><i>100<\/i>%<\/strong> <\/span><\/div>\n\t\t<\/div>[\/vc_column][\/vc_row]\n","protected":false},"excerpt":{"rendered":"<p>[vc_row type=&#8221;in_container&#8221; full_screen_row_position=&#8221;middle&#8221; column_margin=&#8221;default&#8221; column_direction=&#8221;default&#8221; column_direction_tablet=&#8221;default&#8221; column_direction_phone=&#8221;default&#8221; scene_position=&#8221;center&#8221; top_padding=&#8221;80&#8243; bottom_padding=&#8221;5&#8243; text_color=&#8221;dark&#8221; text_align=&#8221;left&#8221; row_border_radius=&#8221;none&#8221; row_border_radius_applies=&#8221;bg&#8221; overflow=&#8221;visible&#8221; overlay_strength=&#8221;0.3&#8243; gradient_direction=&#8221;left_to_right&#8221; shape_divider_position=&#8221;bottom&#8221; bg_image_animation=&#8221;none&#8221;][vc_column column_padding=&#8221;no-extra-padding&#8221; column_padding_tablet=&#8221;inherit&#8221; column_padding_phone=&#8221;inherit&#8221; column_padding_position=&#8221;all&#8221; column_element_spacing=&#8221;default&#8221; background_color_opacity=&#8221;1&#8243; background_hover_color_opacity=&#8221;1&#8243; column_shadow=&#8221;none&#8221; column_border_radius=&#8221;none&#8221; column_link_target=&#8221;_self&#8221; column_position=&#8221;default&#8221;&#8230;<\/p>\n","protected":false},"author":1,"featured_media":0,"parent":0,"menu_order":43,"comment_status":"open","ping_status":"open","template":"","meta":{"footnotes":""},"class_list":["post-704","page","type-page","status-publish"],"_links":{"self":[{"href":"http:\/\/www.prwestglobal.com\/index.php\/wp-json\/wp\/v2\/pages\/704","targetHints":{"allow":["GET"]}}],"collection":[{"href":"http:\/\/www.prwestglobal.com\/index.php\/wp-json\/wp\/v2\/pages"}],"about":[{"href":"http:\/\/www.prwestglobal.com\/index.php\/wp-json\/wp\/v2\/types\/page"}],"author":[{"embeddable":true,"href":"http:\/\/www.prwestglobal.com\/index.php\/wp-json\/wp\/v2\/users\/1"}],"replies":[{"embeddable":true,"href":"http:\/\/www.prwestglobal.com\/index.php\/wp-json\/wp\/v2\/comments?post=704"}],"version-history":[{"count":4,"href":"http:\/\/www.prwestglobal.com\/index.php\/wp-json\/wp\/v2\/pages\/704\/revisions"}],"predecessor-version":[{"id":3568,"href":"http:\/\/www.prwestglobal.com\/index.php\/wp-json\/wp\/v2\/pages\/704\/revisions\/3568"}],"wp:attachment":[{"href":"http:\/\/www.prwestglobal.com\/index.php\/wp-json\/wp\/v2\/media?parent=704"}],"curies":[{"name":"wp","href":"https:\/\/api.w.org\/{rel}","templated":true}]}}